{"id":1221,"date":"2025-10-29T20:18:07","date_gmt":"2025-10-29T20:18:07","guid":{"rendered":"https:\/\/honfleur-lyrique.fr\/?page_id=1221"},"modified":"2025-11-21T18:13:43","modified_gmt":"2025-11-21T18:13:43","slug":"programme-2","status":"publish","type":"page","link":"https:\/\/honfleur-lyrique.fr\/?page_id=1221","title":{"rendered":"PROGRAMME"},"content":{"rendered":"\n<p><em>(sous r\u00e9serve de modifications)<\/em><\/p>\n\n\n\n<p class=\"has-vivid-red-color has-text-color has-link-color has-medium-font-size wp-elements-43fc932bdc7f699ff534de024bf19268\"><strong>JEUDI 27 NOVEMBRE<\/strong><\/p>\n\n\n\n<p class=\"has-medium-font-size\">Ouverture des Greniers \u00e0 14 h 30<\/p>\n\n\n\n<p class=\"has-medium-font-size\"><strong>19 h&nbsp;<\/strong><\/p>\n\n\n\n<p class=\"has-medium-font-size\">Cin\u00e9ma Henri-Jeanson<\/p>\n\n\n\n<p class=\"has-medium-font-size\">Projection de Don Giovanni ( 3 h avec entracte)<\/p>\n\n\n\n<p class=\"has-vivid-red-color has-text-color has-link-color has-medium-font-size wp-elements-b7cd7d304eda5316a9de3804af014125\"><strong>VENDREDI 28 NOVEMBRE<\/strong><\/p>\n\n\n\n<p class=\"has-medium-font-size\"><strong>10 H \u00c0 12 H&nbsp;<\/strong><\/p>\n\n\n\n<p class=\"has-medium-font-size\">Grenier \u00e0 Sel<\/p>\n\n\n\n<p class=\"has-medium-font-size\">Masterclass de Jean-Pierre Armengaud<\/p>\n\n\n\n<p class=\"has-medium-font-size\"><strong>11 h<\/strong>&nbsp;<\/p>\n\n\n\n<p class=\"has-medium-font-size\">M\u00e9diath\u00e8que<\/p>\n\n\n\n<p class=\"has-medium-font-size\">Documentaire En avant la Musique ! \u00ab\u00a0Fantastic Reduction\u00a0\u00bb<\/p>\n\n\n\n<p class=\"has-medium-font-size\"><strong>14 h 30<\/strong><\/p>\n\n\n\n<p class=\"has-medium-font-size\">Grenier \u00e0 Sel<\/p>\n\n\n\n<p class=\"has-medium-font-size\">R\u00e9citals<\/p>\n\n\n\n<p class=\"has-medium-font-size\"><strong>18 h 30<\/strong><\/p>\n\n\n\n<p class=\"has-medium-font-size\">Cin\u00e9ma Henri-Jeanson<\/p>\n\n\n\n<p class=\"has-medium-font-size\">Le Myst\u00e8re Satie, documentaire pr\u00e9sent\u00e9 par son r\u00e9alisateur Bastien Loukia&nbsp; (76 mn )<\/p>\n\n\n\n<p class=\"has-medium-font-size\"><strong>21 h<\/strong><\/p>\n\n\n\n<p class=\"has-medium-font-size\">Grenier \u00e0 Sel<\/p>\n\n\n\n<p class=\"has-medium-font-size\">R\u00e9citals<\/p>\n\n\n\n<p class=\"has-medium-font-size\">Duos et trios<\/p>\n\n\n\n<p class=\"has-vivid-red-color has-text-color has-link-color has-medium-font-size wp-elements-db4314427326547e658e9de4634c5084\"><strong>SAMEDI 29 NOVEMBRE<\/strong><\/p>\n\n\n\n<p class=\"has-medium-font-size\"><strong>10 h&nbsp;30<\/strong><\/p>\n\n\n\n<p class=\"has-medium-font-size\">M\u00e9diath\u00e8que<\/p>\n\n\n\n<p class=\"has-medium-font-size\">Documentaire : Erik Satie \u00e0 longueur de journ\u00e9e<\/p>\n\n\n\n<p class=\"has-medium-font-size\"><strong>14 h 30<\/strong><\/p>\n\n\n\n<p class=\"has-medium-font-size\">Grenier \u00e0 Sel<\/p>\n\n\n\n<p class=\"has-medium-font-size\">R\u00e9citals<\/p>\n\n\n\n<p class=\"has-medium-font-size\"><strong>&nbsp;20 h 30<\/strong><\/p>\n\n\n\n<p class=\"has-medium-font-size\">Grenier \u00e0 Sel<\/p>\n\n\n\n<p class=\"has-medium-font-size\">Premi\u00e8re partie&nbsp;<\/p>\n\n\n\n<p class=\"has-medium-font-size\">Jean-Pierre ARMENGAUD, pianiste , Clara Delaunay, soprano&nbsp;<\/p>\n\n\n\n<p class=\"has-medium-font-size\">\u00ab\u00a0Atelier Socrate\u00a0\u00bb, autour du Socrate d&rsquo;Erik Satie&nbsp;<\/p>\n\n\n\n<p class=\"has-medium-font-size\"><strong>21 h 30<\/strong><\/p>\n\n\n\n<p class=\"has-medium-font-size\">Deuxi\u00e8me partie&nbsp;<\/p>\n\n\n\n<p class=\"has-medium-font-size\">La Voix Humaine, Francis Poulenc &nbsp;<\/p>\n\n\n\n<p class=\"has-medium-font-size\">No\u00e9mie Tessier, soprano, Zo\u00e9 Sambou, soprano<\/p>\n\n\n\n<p class=\"has-medium-font-size\">Pianiste Julie Faure<\/p>\n\n\n\n<p class=\"has-vivid-red-color has-text-color has-link-color has-medium-font-size wp-elements-6edd5a12a1ccd63fa65efadb191b8a30\"><strong>DIMANCHE 30 NOVEMBRE<\/strong><\/p>\n\n\n\n<p class=\"has-medium-font-size\"><strong>14 h 30 <\/strong>&nbsp;<\/p>\n\n\n\n<p class=\"has-medium-font-size\">Grenier \u00e0 Sel<\/p>\n\n\n\n<p class=\"has-medium-font-size\">R\u00e9citals<\/p>\n\n\n\n<p class=\"has-medium-font-size\"><strong>16 h&nbsp;<\/strong><\/p>\n\n\n\n<p class=\"has-medium-font-size\">Quatuor LES P\u00c9RIS<\/p>\n\n\n\n<p class=\"has-medium-font-size\"><strong>18 h&nbsp;<\/strong><\/p>\n\n\n\n<p class=\"has-medium-font-size\">Cin\u00e9ma Henri-Jeanson<\/p>\n\n\n\n<p class=\"has-medium-font-size\">Florence Foster Jenkins, de Stephen Frears (1h50)<\/p>\n","protected":false},"excerpt":{"rendered":"<p>(sous r\u00e9serve de modifications) JEUDI 27 NOVEMBRE Ouverture des Greniers \u00e0 14 h 30 19 h&nbsp; Cin\u00e9ma Henri-Jeanson Projection de Don Giovanni ( 3 h avec entracte) VENDREDI 28 NOVEMBRE 10 H \u00c0 12 H&nbsp; Grenier \u00e0 Sel Masterclass de Jean-Pierre Armengaud 11 h&nbsp; M\u00e9diath\u00e8que Documentaire En avant la Musique ! \u00ab\u00a0Fantastic Reduction\u00a0\u00bb 14 h [&hellip;]<\/p>\n","protected":false},"author":2,"featured_media":0,"parent":0,"menu_order":0,"comment_status":"closed","ping_status":"closed","template":"page-full-width.php","meta":{"footnotes":""},"class_list":["post-1221","page","type-page","status-publish","hentry"],"_links":{"self":[{"href":"https:\/\/honfleur-lyrique.fr\/index.php?rest_route=\/wp\/v2\/pages\/1221","targetHints":{"allow":["GET"]}}],"collection":[{"href":"https:\/\/honfleur-lyrique.fr\/index.php?rest_route=\/wp\/v2\/pages"}],"about":[{"href":"https:\/\/honfleur-lyrique.fr\/index.php?rest_route=\/wp\/v2\/types\/page"}],"author":[{"embeddable":true,"href":"https:\/\/honfleur-lyrique.fr\/index.php?rest_route=\/wp\/v2\/users\/2"}],"replies":[{"embeddable":true,"href":"https:\/\/honfleur-lyrique.fr\/index.php?rest_route=%2Fwp%2Fv2%2Fcomments&post=1221"}],"version-history":[{"count":5,"href":"https:\/\/honfleur-lyrique.fr\/index.php?rest_route=\/wp\/v2\/pages\/1221\/revisions"}],"predecessor-version":[{"id":1567,"href":"https:\/\/honfleur-lyrique.fr\/index.php?rest_route=\/wp\/v2\/pages\/1221\/revisions\/1567"}],"wp:attachment":[{"href":"https:\/\/honfleur-lyrique.fr\/index.php?rest_route=%2Fwp%2Fv2%2Fmedia&parent=1221"}],"curies":[{"name":"wp","href":"https:\/\/api.w.org\/{rel}","templated":true}]}}