{"id":1314,"date":"2025-11-04T01:00:10","date_gmt":"2025-11-04T01:00:10","guid":{"rendered":"https:\/\/honfleur-lyrique.fr\/?page_id=1314"},"modified":"2025-11-04T01:00:10","modified_gmt":"2025-11-04T01:00:10","slug":"artistes-instrumentistes-2","status":"publish","type":"page","link":"https:\/\/honfleur-lyrique.fr\/?page_id=1314","title":{"rendered":"ARTISTES INSTRUMENTISTES"},"content":{"rendered":"\n<div class=\"wp-block-media-text is-stacked-on-mobile\"><figure class=\"wp-block-media-text__media\"><img loading=\"lazy\" decoding=\"async\" width=\"804\" height=\"999\" src=\"https:\/\/honfleur-lyrique.fr\/wp-content\/uploads\/2025\/11\/Louis-Dechambre-2.jpg\" alt=\"\" class=\"wp-image-1315 size-full\" srcset=\"https:\/\/honfleur-lyrique.fr\/wp-content\/uploads\/2025\/11\/Louis-Dechambre-2.jpg 804w, https:\/\/honfleur-lyrique.fr\/wp-content\/uploads\/2025\/11\/Louis-Dechambre-2-241x300.jpg 241w, https:\/\/honfleur-lyrique.fr\/wp-content\/uploads\/2025\/11\/Louis-Dechambre-2-768x954.jpg 768w\" sizes=\"auto, (max-width: 804px) 100vw, 804px\" \/><\/figure><div class=\"wp-block-media-text__content\">\n<p class=\"has-vivid-red-color has-text-color has-link-color has-medium-font-size wp-elements-9f5a1887809a65002a66dd986263bc18\"><strong>Louis DECHAMBRE<\/strong><\/p>\n\n\n\n<p class=\"has-medium-font-size\">Pianiste<\/p>\n\n\n\n<p class=\"has-medium-font-size\">Artiste \u00e9clectique, il commence par la harpe, puis le piano \u00e0 13 ans. Conseiller par des ma\u00eetres qui le m\u00e8nent au plus haut niveau, il d\u00e9veloppe pendant ses \u00e9tudes une passion pour la musique de chambre. Fondateur du duo Tonket avec Thomas Boquet, collaborant avec de grands artistes, il joue r\u00e9guli\u00e8rement dans les festivals. Il vient d&rsquo;entrer comme pianiste chef de chant \u00e0 l&rsquo;Op\u00e9ra de Paris.<\/p>\n<\/div><\/div>\n\n\n\n<hr class=\"wp-block-separator has-alpha-channel-opacity\"\/>\n\n\n\n<div class=\"wp-block-media-text is-stacked-on-mobile\" style=\"grid-template-columns:51% auto\"><figure class=\"wp-block-media-text__media\"><img loading=\"lazy\" decoding=\"async\" width=\"896\" height=\"851\" src=\"https:\/\/honfleur-lyrique.fr\/wp-content\/uploads\/2025\/11\/Claire-Denis-copie-2.jpg\" alt=\"\" class=\"wp-image-1316 size-full\" srcset=\"https:\/\/honfleur-lyrique.fr\/wp-content\/uploads\/2025\/11\/Claire-Denis-copie-2.jpg 896w, https:\/\/honfleur-lyrique.fr\/wp-content\/uploads\/2025\/11\/Claire-Denis-copie-2-300x285.jpg 300w, https:\/\/honfleur-lyrique.fr\/wp-content\/uploads\/2025\/11\/Claire-Denis-copie-2-768x729.jpg 768w\" sizes=\"auto, (max-width: 896px) 100vw, 896px\" \/><\/figure><div class=\"wp-block-media-text__content\">\n<p class=\"has-vivid-red-color has-text-color has-link-color has-medium-font-size wp-elements-7ebbcc4fb6a6495e859454dda36d1619\"><strong>Claire DENIS-BATISTE<\/strong><\/p>\n\n\n\n<p class=\"has-medium-font-size\">Pianiste<\/p>\n\n\n\n<p class=\"has-medium-font-size\">Pianiste cheffe de chant passionn\u00e9e par la voix et le th\u00e9\u00e2tre musical, elle consacre sa carri\u00e8re \u00e0 l&rsquo;accompagnement des chanteurs lyriques et \u00e0 la transmission vivante de la musique. Elle se produit en musique de chambre en France et \u00e0 l&rsquo;\u00e9tranger. Actuellement cheffe de chant au CRR de Rouen, elle poursuit une formation en direction de choeur.<\/p>\n<\/div><\/div>\n\n\n\n<hr class=\"wp-block-separator has-alpha-channel-opacity\"\/>\n\n\n\n<div class=\"wp-block-media-text is-stacked-on-mobile\" style=\"grid-template-columns:52% auto\"><figure class=\"wp-block-media-text__media\"><img loading=\"lazy\" decoding=\"async\" width=\"631\" height=\"739\" src=\"https:\/\/honfleur-lyrique.fr\/wp-content\/uploads\/2025\/11\/Doessant.jpeg\" alt=\"\" class=\"wp-image-1318 size-full\" srcset=\"https:\/\/honfleur-lyrique.fr\/wp-content\/uploads\/2025\/11\/Doessant.jpeg 631w, https:\/\/honfleur-lyrique.fr\/wp-content\/uploads\/2025\/11\/Doessant-256x300.jpeg 256w\" sizes=\"auto, (max-width: 631px) 100vw, 631px\" \/><\/figure><div class=\"wp-block-media-text__content\">\n<p class=\"has-vivid-red-color has-text-color has-link-color has-medium-font-size wp-elements-337c046750f1cee81ff6487796bbf40b\"><strong>David DOESSANT<\/strong><\/p>\n\n\n\n<p class=\"has-medium-font-size\">Pianiste<\/p>\n\n\n\n<p class=\"has-medium-font-size\">Apr\u00e8s des d\u00e9buts d&rsquo;\u00e9tudes musicales dans sa ville natale de Dieppe, il travaille avec Emmanuel Mercier, assistant de Brigitte Engerer, et termine sa formation au CRR de Rouen o\u00f9 il obtient une m\u00e9daille d&rsquo;or de piano \u00e0 l&rsquo;unanimit\u00e9 et d&rsquo;autres r\u00e9compenses en formation musicale, musique de chambre et lecture \u00e0 vue. Il accompagne depuis 2023 la classe de chant lyrique du Conservatoire du Havre.<\/p>\n<\/div><\/div>\n\n\n\n<hr class=\"wp-block-separator has-alpha-channel-opacity\"\/>\n\n\n\n<div class=\"wp-block-media-text is-stacked-on-mobile\" style=\"grid-template-columns:53% auto\"><figure class=\"wp-block-media-text__media\"><img loading=\"lazy\" decoding=\"async\" width=\"930\" height=\"1024\" src=\"https:\/\/honfleur-lyrique.fr\/wp-content\/uploads\/2025\/11\/Narumi-Iwase-ph-930x1024.jpeg\" alt=\"\" class=\"wp-image-1320 size-full\" srcset=\"https:\/\/honfleur-lyrique.fr\/wp-content\/uploads\/2025\/11\/Narumi-Iwase-ph-930x1024.jpeg 930w, https:\/\/honfleur-lyrique.fr\/wp-content\/uploads\/2025\/11\/Narumi-Iwase-ph-273x300.jpeg 273w, https:\/\/honfleur-lyrique.fr\/wp-content\/uploads\/2025\/11\/Narumi-Iwase-ph-768x845.jpeg 768w, https:\/\/honfleur-lyrique.fr\/wp-content\/uploads\/2025\/11\/Narumi-Iwase-ph.jpeg 1200w\" sizes=\"auto, (max-width: 930px) 100vw, 930px\" \/><\/figure><div class=\"wp-block-media-text__content\">\n<p class=\"has-vivid-red-color has-text-color has-link-color has-medium-font-size wp-elements-9055f776a2f1a5bbf7efc73ec0174180\"><strong>Narumi IWASE<\/strong><\/p>\n\n\n\n<p class=\"has-medium-font-size\">Pianiste<\/p>\n\n\n\n<p class=\"has-medium-font-size\">N\u00e9e au Japon, titulaire du dipl\u00f4me sup\u00e9rieur concertiste de piano avec mention tr\u00e8s bien dans la classe de Bruno Rigutto \u00e0 l&rsquo;Ecole Normale de Musique de Paris, elle est laur\u00e9ate de nombreux concours internationaux Passionn\u00e9e par l&rsquo;op\u00e9ra , elle est aussi dipl\u00f4m\u00e9e de direction de chant et d&rsquo;accompagnement au piano.<\/p>\n<\/div><\/div>\n\n\n\n<hr class=\"wp-block-separator has-alpha-channel-opacity\"\/>\n\n\n\n<p><\/p>\n","protected":false},"excerpt":{"rendered":"<p>Louis DECHAMBRE Pianiste Artiste \u00e9clectique, il commence par la harpe, puis le piano \u00e0 13 ans. Conseiller par des ma\u00eetres qui le m\u00e8nent au plus haut niveau, il d\u00e9veloppe pendant ses \u00e9tudes une passion pour la musique de chambre. Fondateur du duo Tonket avec Thomas Boquet, collaborant avec de grands artistes, il joue r\u00e9guli\u00e8rement dans [&hellip;]<\/p>\n","protected":false},"author":2,"featured_media":0,"parent":0,"menu_order":0,"comment_status":"closed","ping_status":"closed","template":"page-full-width.php","meta":{"footnotes":""},"class_list":["post-1314","page","type-page","status-publish","hentry"],"_links":{"self":[{"href":"https:\/\/honfleur-lyrique.fr\/index.php?rest_route=\/wp\/v2\/pages\/1314","targetHints":{"allow":["GET"]}}],"collection":[{"href":"https:\/\/honfleur-lyrique.fr\/index.php?rest_route=\/wp\/v2\/pages"}],"about":[{"href":"https:\/\/honfleur-lyrique.fr\/index.php?rest_route=\/wp\/v2\/types\/page"}],"author":[{"embeddable":true,"href":"https:\/\/honfleur-lyrique.fr\/index.php?rest_route=\/wp\/v2\/users\/2"}],"replies":[{"embeddable":true,"href":"https:\/\/honfleur-lyrique.fr\/index.php?rest_route=%2Fwp%2Fv2%2Fcomments&post=1314"}],"version-history":[{"count":4,"href":"https:\/\/honfleur-lyrique.fr\/index.php?rest_route=\/wp\/v2\/pages\/1314\/revisions"}],"predecessor-version":[{"id":1322,"href":"https:\/\/honfleur-lyrique.fr\/index.php?rest_route=\/wp\/v2\/pages\/1314\/revisions\/1322"}],"wp:attachment":[{"href":"https:\/\/honfleur-lyrique.fr\/index.php?rest_route=%2Fwp%2Fv2%2Fmedia&parent=1314"}],"curies":[{"name":"wp","href":"https:\/\/api.w.org\/{rel}","templated":true}]}}