{"id":1344,"date":"2025-11-04T14:06:00","date_gmt":"2025-11-04T14:06:00","guid":{"rendered":"https:\/\/honfleur-lyrique.fr\/?page_id=1344"},"modified":"2025-11-21T14:56:54","modified_gmt":"2025-11-21T14:56:54","slug":"jean-pierre-armengaud","status":"publish","type":"page","link":"https:\/\/honfleur-lyrique.fr\/?page_id=1344","title":{"rendered":"Jean-Pierre ARMENGAUD"},"content":{"rendered":"\n<p class=\"has-vivid-red-color has-text-color has-link-color has-medium-font-size wp-elements-df211d86c6ad193bb00ce1aa90486a81\"><strong>Invit\u00e9 d&rsquo;honneur de Honfleur Lyrique<\/strong><\/p>\n\n\n\n<figure class=\"wp-block-image size-full is-resized\"><img loading=\"lazy\" decoding=\"async\" width=\"823\" height=\"854\" src=\"https:\/\/honfleur-lyrique.fr\/wp-content\/uploads\/2025\/11\/555671932_1345837170676650_4298959900522936622_n-copie.jpg\" alt=\"\" class=\"wp-image-1345\" style=\"aspect-ratio:1.3333333333333333;object-fit:cover;width:840px;height:auto\" srcset=\"https:\/\/honfleur-lyrique.fr\/wp-content\/uploads\/2025\/11\/555671932_1345837170676650_4298959900522936622_n-copie.jpg 823w, https:\/\/honfleur-lyrique.fr\/wp-content\/uploads\/2025\/11\/555671932_1345837170676650_4298959900522936622_n-copie-289x300.jpg 289w, https:\/\/honfleur-lyrique.fr\/wp-content\/uploads\/2025\/11\/555671932_1345837170676650_4298959900522936622_n-copie-768x797.jpg 768w\" sizes=\"auto, (max-width: 823px) 100vw, 823px\" \/><\/figure>\n\n\n\n<p class=\"has-medium-font-size\"><br>Pianiste-concertiste international et musicologue fran\u00e7ais, il s\u2019est produit en r\u00e9cital, en concerto, en musique de chambre et en artiste de spectacle dans plus de 50 pays. Il a beaucoup enregistr\u00e9, notamment des int\u00e9grales discographiques d\u2019Erik Satie, Claude Debussy, Albert Roussel, Francis Poulenc, des oeuvres de Denisov, Beethoven, ainsi que de compositeurs contemporains.&nbsp;<\/p>\n\n\n\n<p class=\"has-medium-font-size\">Il est l\u2019auteur de publications sur Erik Satie, Jean Dubuffet, Henri Dutilleux, et de nombreux articles sur la musique fran\u00e7aise, la musique russe, la cr\u00e9ation musicale, l\u2019interpr\u00e9tation pianistique. Il a aussi exerc\u00e9 des postes comme conseiller culturel d\u2019ambassade \u00e0 l\u2019\u00e9tranger, directeur de la Cr\u00e9ation musicale \u00e0 Radio France, professeur \u00e0 l\u2019Universit\u00e9 d\u2019Evry et directeur du festival Les Friches musicales.<\/p>\n\n\n\n<p class=\"has-medium-font-size\">Il a commenc\u00e9 \u00e0 enregistrer une int\u00e9grale qui devrait comprendre cinq volumes consacr\u00e9s \u00e0 l&rsquo;\u0153uvre pour piano de Clara Schumann. &nbsp;<\/p>\n\n\n\n<hr class=\"wp-block-separator has-alpha-channel-opacity\"\/>\n\n\n\n<p class=\"has-medium-font-size\">Jean-Pierre Armengaud donnera une masterclass le matin du Vendredi 28 Novembre au Grenier \u00e0 Sel, et interpr\u00e9tera, avec la soprano Clara Delaunay, le Socrate d&rsquo;Erik Satie, le Samedi 29, \u00e0 20 h 30.<\/p>\n","protected":false},"excerpt":{"rendered":"<p>Invit\u00e9 d&rsquo;honneur de Honfleur Lyrique Pianiste-concertiste international et musicologue fran\u00e7ais, il s\u2019est produit en r\u00e9cital, en concerto, en musique de chambre et en artiste de spectacle dans plus de 50 pays. Il a beaucoup enregistr\u00e9, notamment des int\u00e9grales discographiques d\u2019Erik Satie, Claude Debussy, Albert Roussel, Francis Poulenc, des oeuvres de Denisov, Beethoven, ainsi que de [&hellip;]<\/p>\n","protected":false},"author":2,"featured_media":0,"parent":0,"menu_order":0,"comment_status":"closed","ping_status":"closed","template":"page-full-width.php","meta":{"footnotes":""},"class_list":["post-1344","page","type-page","status-publish","hentry"],"_links":{"self":[{"href":"https:\/\/honfleur-lyrique.fr\/index.php?rest_route=\/wp\/v2\/pages\/1344","targetHints":{"allow":["GET"]}}],"collection":[{"href":"https:\/\/honfleur-lyrique.fr\/index.php?rest_route=\/wp\/v2\/pages"}],"about":[{"href":"https:\/\/honfleur-lyrique.fr\/index.php?rest_route=\/wp\/v2\/types\/page"}],"author":[{"embeddable":true,"href":"https:\/\/honfleur-lyrique.fr\/index.php?rest_route=\/wp\/v2\/users\/2"}],"replies":[{"embeddable":true,"href":"https:\/\/honfleur-lyrique.fr\/index.php?rest_route=%2Fwp%2Fv2%2Fcomments&post=1344"}],"version-history":[{"count":5,"href":"https:\/\/honfleur-lyrique.fr\/index.php?rest_route=\/wp\/v2\/pages\/1344\/revisions"}],"predecessor-version":[{"id":1563,"href":"https:\/\/honfleur-lyrique.fr\/index.php?rest_route=\/wp\/v2\/pages\/1344\/revisions\/1563"}],"wp:attachment":[{"href":"https:\/\/honfleur-lyrique.fr\/index.php?rest_route=%2Fwp%2Fv2%2Fmedia&parent=1344"}],"curies":[{"name":"wp","href":"https:\/\/api.w.org\/{rel}","templated":true}]}}