{"id":1419,"date":"2025-11-04T19:35:37","date_gmt":"2025-11-04T19:35:37","guid":{"rendered":"https:\/\/honfleur-lyrique.fr\/?page_id=1419"},"modified":"2025-11-20T23:20:54","modified_gmt":"2025-11-20T23:20:54","slug":"socrate-de-satie","status":"publish","type":"page","link":"https:\/\/honfleur-lyrique.fr\/?page_id=1419","title":{"rendered":"\u00ab\u00a0ATELIER SOCRATE\u00a0\u00bb"},"content":{"rendered":"\n<p class=\"has-medium-font-size\"><strong>Autour du Socrate d&rsquo;Erik Satie<\/strong><\/p>\n\n\n\n<p class=\"has-vivid-red-color has-text-color has-link-color has-medium-font-size wp-elements-33ec5194582ba0684962833fd959936f\"><strong>Jean-Pierre ARMENGAUD, piano, Clara DELAUNAY, soprano<\/strong><\/p>\n\n\n\n<p><\/p>\n\n\n\n<figure class=\"wp-block-image size-full\"><img loading=\"lazy\" decoding=\"async\" width=\"835\" height=\"634\" src=\"https:\/\/honfleur-lyrique.fr\/wp-content\/uploads\/2025\/11\/Satie_socrate_manuscript.jpg\" alt=\"\" class=\"wp-image-1422\" srcset=\"https:\/\/honfleur-lyrique.fr\/wp-content\/uploads\/2025\/11\/Satie_socrate_manuscript.jpg 835w, https:\/\/honfleur-lyrique.fr\/wp-content\/uploads\/2025\/11\/Satie_socrate_manuscript-300x228.jpg 300w, https:\/\/honfleur-lyrique.fr\/wp-content\/uploads\/2025\/11\/Satie_socrate_manuscript-768x583.jpg 768w\" sizes=\"auto, (max-width: 835px) 100vw, 835px\" \/><\/figure>\n\n\n\n<p><\/p>\n\n\n\n<p class=\"has-vivid-red-color has-text-color has-link-color has-medium-font-size wp-elements-8af61ea690a16c025574818a59130237\"><strong>Samedi 29 Novembre, 20 h 30, Grenier \u00e0 Sel<\/strong><\/p>\n\n\n\n<p class=\"has-medium-font-size\">Satie est surtout connu pour ses courtes \u0153uvres pour piano solo. Socrate, que beaucoup consid\u00e8rent comme son chef d\u2019oeuvre, est une mise en musique de trois textes des dialogues de Platon. Il y a eu deux versions arrang\u00e9es par Satie : une pour orchestre, puis une r\u00e9duction pour piano, accompagn\u00e9 d&rsquo;une soprano.<\/p>\n\n\n\n<div class=\"wp-block-media-text is-stacked-on-mobile is-image-fill-element\" style=\"grid-template-columns:70% auto\"><figure class=\"wp-block-media-text__media\"><img loading=\"lazy\" decoding=\"async\" width=\"859\" height=\"1024\" src=\"https:\/\/honfleur-lyrique.fr\/wp-content\/uploads\/2025\/11\/2015-11-23-19.31.23-copie-3-859x1024.jpeg\" alt=\"\" class=\"wp-image-1430 size-full\" style=\"object-position:50% 50%\" srcset=\"https:\/\/honfleur-lyrique.fr\/wp-content\/uploads\/2025\/11\/2015-11-23-19.31.23-copie-3-859x1024.jpeg 859w, https:\/\/honfleur-lyrique.fr\/wp-content\/uploads\/2025\/11\/2015-11-23-19.31.23-copie-3-252x300.jpeg 252w, https:\/\/honfleur-lyrique.fr\/wp-content\/uploads\/2025\/11\/2015-11-23-19.31.23-copie-3-768x915.jpeg 768w, https:\/\/honfleur-lyrique.fr\/wp-content\/uploads\/2025\/11\/2015-11-23-19.31.23-copie-3.jpeg 960w\" sizes=\"auto, (max-width: 859px) 100vw, 859px\" \/><\/figure><div class=\"wp-block-media-text__content\">\n<p class=\"has-medium-font-size\">Portrait de Socrate est le nom de la premi\u00e8re partie de l\u2019\u0153uvre, extraite du Banquet de Platon, o\u00f9 Alcibiade dresse le portrait \u00e9logieux de Socrate. Le deuxi\u00e8me segment s\u2019intitule Sur les bords de l\u2019Ilissus, dialogue entre Socrate et ce dernier. La troisi\u00e8me et derni\u00e8re partie, Mort de Socrate, est la plus longue. Elle provient de Ph\u00e9don, qui relate la mort du philosophe condamn\u00e9 \u00e0 boire du poison vers 399 avant J\u00e9sus-Christ. &nbsp;<\/p>\n<\/div><\/div>\n\n\n\n<p class=\"has-vivid-red-color has-text-color has-link-color has-medium-font-size wp-elements-a8e0107ebe14e2c29a663d5f9fa96bf5\"><strong>Jean-Pierre Armengaud propose une lecture musicale de cette oeuvre \u00e0 la fois majeure et atypique, avec  les \u00e9clairages que ce grand sp\u00e9cialiste du musicien honfleurais pourra nous offrir, pour mieux saisir ce que \u00ab\u00a0Socrate\u00a0\u00bb r\u00e9v\u00e8le d&rsquo;originalit\u00e9 et de modernisme.<\/strong><\/p>\n\n\n\n<p><\/p>\n\n\n\n<div class=\"wp-block-media-text is-stacked-on-mobile\" style=\"grid-template-columns:71% auto\"><figure class=\"wp-block-media-text__media\"><img loading=\"lazy\" decoding=\"async\" width=\"1024\" height=\"683\" src=\"https:\/\/honfleur-lyrique.fr\/wp-content\/uploads\/2025\/11\/Clara-Delaunay-2-1024x683.jpg\" alt=\"\" class=\"wp-image-1431 size-full\" srcset=\"https:\/\/honfleur-lyrique.fr\/wp-content\/uploads\/2025\/11\/Clara-Delaunay-2-1024x683.jpg 1024w, https:\/\/honfleur-lyrique.fr\/wp-content\/uploads\/2025\/11\/Clara-Delaunay-2-300x200.jpg 300w, https:\/\/honfleur-lyrique.fr\/wp-content\/uploads\/2025\/11\/Clara-Delaunay-2-768x512.jpg 768w, https:\/\/honfleur-lyrique.fr\/wp-content\/uploads\/2025\/11\/Clara-Delaunay-2-1536x1025.jpg 1536w, https:\/\/honfleur-lyrique.fr\/wp-content\/uploads\/2025\/11\/Clara-Delaunay-2.jpg 2048w\" sizes=\"auto, (max-width: 1024px) 100vw, 1024px\" \/><\/figure><div class=\"wp-block-media-text__content\">\n<p class=\"has-medium-font-size\"><br>Satie a voulu \u00e9crire une \u0153uvre largement humaine, sans pr\u00e9tention \u00e0 la couleur locale, sans recherches savantes, ni p\u00e9dantes ; une musique d&rsquo;une gravit\u00e9 souriante, d&rsquo;une religieuse s\u00e9r\u00e9nit\u00e9 comme la parole m\u00eame de Platon.<\/p>\n<\/div><\/div>\n\n\n\n<p class=\"has-medium-font-size\">Clara DELAUNAY est une musicienne passionn\u00e9e avec un niveau avanc\u00e9 en piano et en chant soprano. Son style musical de pr\u00e9dilection est le classique, o\u00f9 elle excelle tant dans la performance vocale qu\u2019instrumentale. Avec une forte motivation pour se produire en public, Clara contribue activement \u00e0 la sc\u00e8ne musicale de l\u2019AMA Languedoc.<\/p>\n\n\n\n<hr class=\"wp-block-separator has-alpha-channel-opacity\"\/>\n","protected":false},"excerpt":{"rendered":"<p>Autour du Socrate d&rsquo;Erik Satie Jean-Pierre ARMENGAUD, piano, Clara DELAUNAY, soprano Samedi 29 Novembre, 20 h 30, Grenier \u00e0 Sel Satie est surtout connu pour ses courtes \u0153uvres pour piano solo. Socrate, que beaucoup consid\u00e8rent comme son chef d\u2019oeuvre, est une mise en musique de trois textes des dialogues de Platon. Il y a eu [&hellip;]<\/p>\n","protected":false},"author":2,"featured_media":0,"parent":0,"menu_order":0,"comment_status":"closed","ping_status":"closed","template":"page-full-width.php","meta":{"footnotes":""},"class_list":["post-1419","page","type-page","status-publish","hentry"],"_links":{"self":[{"href":"https:\/\/honfleur-lyrique.fr\/index.php?rest_route=\/wp\/v2\/pages\/1419","targetHints":{"allow":["GET"]}}],"collection":[{"href":"https:\/\/honfleur-lyrique.fr\/index.php?rest_route=\/wp\/v2\/pages"}],"about":[{"href":"https:\/\/honfleur-lyrique.fr\/index.php?rest_route=\/wp\/v2\/types\/page"}],"author":[{"embeddable":true,"href":"https:\/\/honfleur-lyrique.fr\/index.php?rest_route=\/wp\/v2\/users\/2"}],"replies":[{"embeddable":true,"href":"https:\/\/honfleur-lyrique.fr\/index.php?rest_route=%2Fwp%2Fv2%2Fcomments&post=1419"}],"version-history":[{"count":13,"href":"https:\/\/honfleur-lyrique.fr\/index.php?rest_route=\/wp\/v2\/pages\/1419\/revisions"}],"predecessor-version":[{"id":1560,"href":"https:\/\/honfleur-lyrique.fr\/index.php?rest_route=\/wp\/v2\/pages\/1419\/revisions\/1560"}],"wp:attachment":[{"href":"https:\/\/honfleur-lyrique.fr\/index.php?rest_route=%2Fwp%2Fv2%2Fmedia&parent=1419"}],"curies":[{"name":"wp","href":"https:\/\/api.w.org\/{rel}","templated":true}]}}