{"id":1450,"date":"2025-11-07T13:29:43","date_gmt":"2025-11-07T13:29:43","guid":{"rendered":"https:\/\/honfleur-lyrique.fr\/?page_id=1450"},"modified":"2025-11-07T13:29:43","modified_gmt":"2025-11-07T13:29:43","slug":"les-peris-en-concert","status":"publish","type":"page","link":"https:\/\/honfleur-lyrique.fr\/?page_id=1450","title":{"rendered":"LES P\u00c9RIS EN CONCERT"},"content":{"rendered":"\n<p class=\"has-vivid-red-color has-text-color has-link-color has-medium-font-size wp-elements-6e74e82be0ce9a845b33b5476a77ca87\">Extraits du concert du 20 Septembre 2025 <\/p>\n\n\n\n<p class=\"has-medium-font-size\">\u00c9glise Saint-Martin, Gonneville-sur-Honfleur<\/p>\n\n\n\n<p class=\"has-medium-font-size\"><\/p>\n\n\n\n<figure class=\"wp-block-embed is-type-video is-provider-youtube wp-block-embed-youtube wp-embed-aspect-16-9 wp-has-aspect-ratio\"><div class=\"wp-block-embed__wrapper\">\n<iframe loading=\"lazy\" title=\"Quatuor les P\u00e9ris 20 sep 2025 Vfinale\" width=\"640\" height=\"360\" src=\"https:\/\/www.youtube.com\/embed\/04EHJVKUmRE?feature=oembed\" frameborder=\"0\" allow=\"accelerometer; autoplay; clipboard-write; encrypted-media; gyroscope; picture-in-picture; web-share\" referrerpolicy=\"strict-origin-when-cross-origin\" allowfullscreen><\/iframe>\n<\/div><\/figure>\n\n\n\n<p><em>Vid\u00e9o Matthieu Schnerb<\/em><\/p>\n\n\n\n<p class=\"has-medium-font-size\"><strong>Roxane Borde, soprano, Charlotte Landru-Chand\u00e8s, mezzo-soprano, Gabrielle Borde, alto, Alexia Knopp, guitare<\/strong><\/p>\n\n\n\n<hr class=\"wp-block-separator has-alpha-channel-opacity\"\/>\n\n\n\n<p><\/p>\n","protected":false},"excerpt":{"rendered":"<p>Extraits du concert du 20 Septembre 2025 \u00c9glise Saint-Martin, Gonneville-sur-Honfleur Vid\u00e9o Matthieu Schnerb Roxane Borde, soprano, Charlotte Landru-Chand\u00e8s, mezzo-soprano, Gabrielle Borde, alto, Alexia Knopp, guitare<\/p>\n","protected":false},"author":2,"featured_media":0,"parent":0,"menu_order":0,"comment_status":"closed","ping_status":"closed","template":"page-full-width.php","meta":{"footnotes":""},"class_list":["post-1450","page","type-page","status-publish","hentry"],"_links":{"self":[{"href":"https:\/\/honfleur-lyrique.fr\/index.php?rest_route=\/wp\/v2\/pages\/1450","targetHints":{"allow":["GET"]}}],"collection":[{"href":"https:\/\/honfleur-lyrique.fr\/index.php?rest_route=\/wp\/v2\/pages"}],"about":[{"href":"https:\/\/honfleur-lyrique.fr\/index.php?rest_route=\/wp\/v2\/types\/page"}],"author":[{"embeddable":true,"href":"https:\/\/honfleur-lyrique.fr\/index.php?rest_route=\/wp\/v2\/users\/2"}],"replies":[{"embeddable":true,"href":"https:\/\/honfleur-lyrique.fr\/index.php?rest_route=%2Fwp%2Fv2%2Fcomments&post=1450"}],"version-history":[{"count":6,"href":"https:\/\/honfleur-lyrique.fr\/index.php?rest_route=\/wp\/v2\/pages\/1450\/revisions"}],"predecessor-version":[{"id":1456,"href":"https:\/\/honfleur-lyrique.fr\/index.php?rest_route=\/wp\/v2\/pages\/1450\/revisions\/1456"}],"wp:attachment":[{"href":"https:\/\/honfleur-lyrique.fr\/index.php?rest_route=%2Fwp%2Fv2%2Fmedia&parent=1450"}],"curies":[{"name":"wp","href":"https:\/\/api.w.org\/{rel}","templated":true}]}}