{"id":1462,"date":"2025-11-10T21:10:59","date_gmt":"2025-11-10T21:10:59","guid":{"rendered":"https:\/\/honfleur-lyrique.fr\/?page_id=1462"},"modified":"2025-11-25T18:58:15","modified_gmt":"2025-11-25T18:58:15","slug":"les-recitals-du-vendredi-28","status":"publish","type":"page","link":"https:\/\/honfleur-lyrique.fr\/?page_id=1462","title":{"rendered":"LES R\u00c9CITALS DU VENDREDI 28"},"content":{"rendered":"\n<p class=\"has-small-font-size\"><em>(sous r\u00e9serve de modifications)<\/em><\/p>\n\n\n\n<p class=\"has-medium-font-size\"><strong>14 h 30<\/strong><\/p>\n\n\n\n<p class=\"has-vivid-red-color has-text-color has-link-color has-medium-font-size wp-elements-3573e0f6c1611b52735d48757bd7ab5c\"><strong>Tommi RASSAINT, t\u00e9nor<\/strong> <\/p>\n\n\n\n<p class=\"has-medium-font-size\">Je portais dans une cage, op\u00e9ra Le M\u00e9decin malgr\u00e9 lui, Charles Gounod &nbsp; <\/p>\n\n\n\n<p class=\"has-medium-font-size\">Mandoline, m\u00e9lodie, Claude Debussy &nbsp;<\/p>\n\n\n\n<p class=\"has-vivid-red-color has-text-color has-link-color has-medium-font-size wp-elements-9cdab4155b0a8be4b56d9f168b1383f4\"><strong>Mina FARGUES, Soprano<\/strong><\/p>\n\n\n\n<p class=\"has-medium-font-size\">Les Filles de Cadix, chanson, L\u00e9o Delibes<\/p>\n\n\n\n<p class=\"has-vivid-red-color has-text-color has-link-color has-medium-font-size wp-elements-79a3fce859726d2539f1bd57bcaee96f\"><strong>Amine GABTENI, t\u00e9nor<\/strong><\/p>\n\n\n\n<p class=\"has-medium-font-size\">Aria de Ferrando, op\u00e9ra Cosi fan tutte, W.-A. Mozart <\/p>\n\n\n\n<p class=\"has-medium-font-size\">Empty chairs at empty tables, Air de Marius, com\u00e9die musicale Les Mis\u00e9rables, Claude-Michel Sch\u00f6nberg, Alain Boublil, Herbert Kretzmer<\/p>\n\n\n\n<p class=\"has-medium-font-size\">Salut ! Demeure chaste et pure, air de Faust, op\u00e9ra Faust, Charles Gounod<\/p>\n\n\n\n<p class=\"has-vivid-red-color has-text-color has-link-color has-medium-font-size wp-elements-c9459668970ee5887901e0656d3e1159\"><strong>Marie AUBRY, soprano<\/strong><\/p>\n\n\n\n<p class=\"has-medium-font-size\">Il est doux, Il est bon, op\u00e9ra H\u00e9rodiade, Jules Massenet<\/p>\n\n\n\n<p class=\"has-medium-font-size\">Io son l&rsquo;umile ancella, op\u00e9ra Adriana Lecouvreur, Francesco Cilea <\/p>\n\n\n\n<p class=\"has-medium-font-size\">Quando m&rsquo;en vo, op\u00e9ra La Boh\u00e8me, Giacomo Puccini <\/p>\n\n\n\n<p class=\"has-medium-font-size\">Dis-moi que je suis belle, op\u00e9ra Tha\u00efs, Jules Massenet<\/p>\n\n\n\n<p class=\"has-vivid-red-color has-text-color has-link-color has-medium-font-size wp-elements-ecfff4d4da402539692fb3818c4430b4\"><strong>Emma RAMSAMY, soprano<\/strong><\/p>\n\n\n\n<p class=\"has-medium-font-size\">Svegliatevi non core, air de Sesto,&nbsp; op\u00e9ra Jules C\u00e9sar, Georg Friedrich Haendel <\/p>\n\n\n\n<p class=\"has-medium-font-size\">Stride la vampa, air d\u2019Azucena, op\u00e9ra Le Trouv\u00e8re, Giuseppe Verdi &nbsp;<\/p>\n\n\n\n<p class=\"has-vivid-red-color has-text-color has-link-color has-medium-font-size wp-elements-cf983b1bef00abc1de44d81b70d20838\"><strong>M\u00e9li MEUNIER, mezzo-soprano<\/strong><\/p>\n\n\n\n<p class=\"has-medium-font-size\">Una voce poco fa, air de Rosine, Le Barbier de S\u00e9ville, Gioachino Rossini <\/p>\n\n\n\n<p class=\"has-medium-font-size\">Mon c\u0153ur s\u2019ouvre \u00e0 ta voix, air de Dalila, op\u00e9ra Samson et Dalila, Camille Saint-Sa\u00ebns<\/p>\n\n\n\n<p class=\"has-vivid-red-color has-text-color has-link-color has-medium-font-size wp-elements-89c0897f668c445c3bf10f2af1913c91\"><\/p>\n\n\n\n<p class=\"has-medium-font-size\"><strong>21 h<\/strong><\/p>\n\n\n\n<p class=\"has-vivid-red-color has-text-color has-link-color has-medium-font-size wp-elements-4ba0733b42d0524dfc9c583ca06de277\"><strong>Vincent CANDALOT, contre-t\u00e9nor<\/strong><\/p>\n\n\n\n<p class=\"has-medium-font-size\">Der Tod und das M\u00e4dchen, Franz Schubert<\/p>\n\n\n\n<p class=\"has-medium-font-size\">Hai luli, Pauline Viardot<\/p>\n\n\n\n<p class=\"has-medium-font-size\">Les chemins de l\u2019amour, Francis Poulenc<\/p>\n\n\n\n<p class=\"has-medium-font-size\">I know a bank, Midsummer Night&rsquo;s Dream, Benjamin Britten<\/p>\n\n\n\n<p class=\"has-medium-font-size\">Che far\u00f2 senza Euridice, Orfeo ed Euridice, Christoph W. Gluck<\/p>\n\n\n\n<p class=\"has-medium-font-size\">Mon c\u0153ur s&rsquo;ouvre \u00e0 ta voix, Samson et Dalila, Camille Saint-Sa\u00ebns<\/p>\n\n\n\n<p><\/p>\n\n\n\n<p class=\"has-vivid-red-color has-text-color has-link-color has-medium-font-size wp-elements-e76c2bdb38b80ca97c15cc4c2d52cb5c\"><strong>Charlotte BR\u00d6KER<\/strong>, <strong>soprano<\/strong><\/p>\n\n\n\n<p class=\"has-medium-font-size\">L\u2019Air des Bijoux, Marguerite, op\u00e9ra Faust, Charles Gounod<\/p>\n\n\n\n<p class=\"has-medium-font-size\">La diva de l\u2019Empire, m\u00e9lodie, Erik Satie<\/p>\n\n\n\n<p class=\"has-medium-font-size\">Tell me the truth about love,&nbsp; Cabaret Songs, Benjamin Britten<\/p>\n\n\n\n<p class=\"has-medium-font-size\">Nanna\u2019s Lied, Kurt Weill&nbsp;<\/p>\n\n\n\n<p class=\"has-medium-font-size\">Csardas, La Chauve-souris, Johann Strauss<\/p>\n\n\n\n<p class=\"has-medium-font-size\"><strong>DUOS ET TRIOS<\/strong><\/p>\n\n\n\n<p class=\"has-vivid-red-color has-text-color has-link-color has-medium-font-size wp-elements-3b654481733b8e02bce37a8924c67c00\"><strong>Tom DUVAL<\/strong>, <strong>Mina FARGUES, <strong><strong>Amine GABTENI<\/strong><\/strong><\/strong>, <strong>Meli MEUNIER, <strong>Emma RAMSAMY<\/strong> ,<strong>Tommi RASSAINT <\/strong><\/strong><\/p>\n\n\n\n<p class=\"has-medium-font-size\">Soave il vento, trio, op\u00e9ra Cosi fan tutte, W.-A. Mozart <\/p>\n\n\n\n<p class=\"has-medium-font-size\">Ah! soccorso! Son tradito \u00bbtrio, op\u00e9ra Don Giovanni acte 1, W.-A. Mozart<\/p>\n\n\n\n<p class=\"has-medium-font-size\"><strong> <\/strong>El desdichado, chanson,duo, Camille Saint-Sa\u00ebns <\/p>\n\n\n\n<p class=\"has-medium-font-size\"><strong> <\/strong>Spruch, trio, lied,&nbsp; Robert Schumann <\/p>\n\n\n\n<p class=\"has-vivid-red-color has-text-color has-link-color has-medium-font-size wp-elements-1767971429e77b742c147defbc55f561\"><strong>Anna MERCADO&nbsp; &#8211; M\u00e9li MEUNIER<\/strong><\/p>\n\n\n\n<p class=\"has-medium-font-size\">Stabat Mater Dolorosa, Stabat Mater, Jean-Baptiste Pergolese&nbsp; (duo )<\/p>\n\n\n\n<p class=\"has-medium-font-size\">Vidit suum dulcem natum,  Stabat Mater, Jean-Baptiste Pergolese (solo)<\/p>\n\n\n\n<p class=\"has-medium-font-size\">Qui tollis, Petite Messe solennelle, Gioachino Rossini (duo)<\/p>\n\n\n\n<p class=\"has-medium-font-size\">O salutaris hostia, Petite Messe solennelle, Gioachino Rossini (solo)<\/p>\n\n\n\n<hr class=\"wp-block-separator has-alpha-channel-opacity\"\/>\n\n\n\n<p><\/p>\n","protected":false},"excerpt":{"rendered":"<p>(sous r\u00e9serve de modifications) 14 h 30 Tommi RASSAINT, t\u00e9nor Je portais dans une cage, op\u00e9ra Le M\u00e9decin malgr\u00e9 lui, Charles Gounod &nbsp; Mandoline, m\u00e9lodie, Claude Debussy &nbsp; Mina FARGUES, Soprano Les Filles de Cadix, chanson, L\u00e9o Delibes Amine GABTENI, t\u00e9nor Aria de Ferrando, op\u00e9ra Cosi fan tutte, W.-A. Mozart Empty chairs at empty tables, [&hellip;]<\/p>\n","protected":false},"author":2,"featured_media":0,"parent":0,"menu_order":0,"comment_status":"closed","ping_status":"closed","template":"page-full-width.php","meta":{"footnotes":""},"class_list":["post-1462","page","type-page","status-publish","hentry"],"_links":{"self":[{"href":"https:\/\/honfleur-lyrique.fr\/index.php?rest_route=\/wp\/v2\/pages\/1462","targetHints":{"allow":["GET"]}}],"collection":[{"href":"https:\/\/honfleur-lyrique.fr\/index.php?rest_route=\/wp\/v2\/pages"}],"about":[{"href":"https:\/\/honfleur-lyrique.fr\/index.php?rest_route=\/wp\/v2\/types\/page"}],"author":[{"embeddable":true,"href":"https:\/\/honfleur-lyrique.fr\/index.php?rest_route=\/wp\/v2\/users\/2"}],"replies":[{"embeddable":true,"href":"https:\/\/honfleur-lyrique.fr\/index.php?rest_route=%2Fwp%2Fv2%2Fcomments&post=1462"}],"version-history":[{"count":31,"href":"https:\/\/honfleur-lyrique.fr\/index.php?rest_route=\/wp\/v2\/pages\/1462\/revisions"}],"predecessor-version":[{"id":1570,"href":"https:\/\/honfleur-lyrique.fr\/index.php?rest_route=\/wp\/v2\/pages\/1462\/revisions\/1570"}],"wp:attachment":[{"href":"https:\/\/honfleur-lyrique.fr\/index.php?rest_route=%2Fwp%2Fv2%2Fmedia&parent=1462"}],"curies":[{"name":"wp","href":"https:\/\/api.w.org\/{rel}","templated":true}]}}