{"id":1486,"date":"2025-11-10T21:12:33","date_gmt":"2025-11-10T21:12:33","guid":{"rendered":"https:\/\/honfleur-lyrique.fr\/?page_id=1486"},"modified":"2025-11-20T23:25:10","modified_gmt":"2025-11-20T23:25:10","slug":"les-recitals-du-samedi-29","status":"publish","type":"page","link":"https:\/\/honfleur-lyrique.fr\/?page_id=1486","title":{"rendered":"LES R\u00c9CITALS DU SAMEDI 29"},"content":{"rendered":"\n<p><em>(sous r\u00e9serve de modifications)<\/em><\/p>\n\n\n\n<p class=\"has-medium-font-size\"><strong>14 h 30<\/strong><\/p>\n\n\n\n<p class=\"has-vivid-red-color has-text-color has-link-color has-medium-font-size wp-elements-0a1ff3c009b2c2bfc9bfe7c1bb87bbe6\"><strong>Iris CO\u00cbT<\/strong>, <strong>soprano<\/strong><\/p>\n\n\n\n<p class=\"has-medium-font-size\">Les oiseaux dans la charmille, air d\u2019Olympia, Les Contes d\u2019Hoffmann, Jacques Offenbach<\/p>\n\n\n\n<p class=\"has-medium-font-size\">Glitter and be gay, air de Cun\u00e9gonde, op\u00e9rette Candide, L\u00e9onard Bernstein<\/p>\n\n\n\n<p class=\"has-medium-font-size\">Je t\u2019aime,\u00a0\u00bbVocalise amoureuse pour Soprano \u00e9perdue\u00a0\u00bb, Isabelle Aboulker<\/p>\n\n\n\n<p class=\"has-medium-font-size\">\u00d4 Salutaris, Petite Messe solennelle, Gioachino Rossini<\/p>\n\n\n\n<p class=\"has-vivid-red-color has-text-color has-link-color has-medium-font-size wp-elements-c4e67e2215c50a1ec592b5c6038661ee\"><strong>Charlotte LANDRU-CHAND\u00c8S,<\/strong> <strong>mezzo-soprano<\/strong><\/p>\n\n\n\n<p class=\"has-medium-font-size\">Le D\u00e9sert, Georges Enesco<\/p>\n\n\n\n<p class=\"has-medium-font-size\">C. (2 po\u00e8mes de Louis Aragon), Francis Poulenc<\/p>\n\n\n\n<p class=\"has-medium-font-size\">Si tout ceci n&rsquo;\u00e9tait qu&rsquo;un pauvre r\u00eave (Clairi\u00e8res dans le ciel), Lili Boulanger<\/p>\n\n\n\n<p class=\"has-medium-font-size\">Soupir (3 po\u00e8mes de Mallarm\u00e9), Claude Debussy &nbsp;<\/p>\n\n\n\n<p class=\"has-medium-font-size\">El\u00e9gie, Henri Duparc&nbsp;<\/p>\n\n\n\n<p class=\"has-medium-font-size\">Toujours (Po\u00e8me d&rsquo;un jour), Gabriel Faur\u00e9<\/p>\n\n\n\n<p class=\"has-medium-font-size\">Je te veux, m\u00e9lodie, Erik Satie<\/p>\n\n\n\n<p class=\"has-vivid-red-color has-text-color has-link-color has-medium-font-size wp-elements-88ba27c7c12fbbc577b711667e3cc002\"><strong>Tom DUVAL, baryton<\/strong><\/p>\n\n\n\n<p class=\"has-medium-font-size\">Air de Zurga, op\u00e9ra Les p\u00eacheur de perles, Georges Bizet<\/p>\n\n\n\n<p class=\"has-medium-font-size\">Les Mamelles de Tiresias, prologue, op\u00e9ra bouffe, Francis Poulenc<\/p>\n\n\n\n<p class=\"has-vivid-red-color has-text-color has-link-color has-medium-font-size wp-elements-7d9cb50b97ea6213330d5c61d39ebe0a\"><strong>Roxane BORDE, soprano<\/strong><\/p>\n\n\n\n<p class=\"has-medium-font-size\">On this Island (op. 11), Benjamin Britten<\/p>\n\n\n\n<p class=\"has-medium-font-size\">&#8211; &nbsp; &nbsp; &nbsp; Let the florid music praise&nbsp;<\/p>\n\n\n\n<p class=\"has-medium-font-size\">&#8211; &nbsp; &nbsp; &nbsp; Now the leaves are falling fast&nbsp;<\/p>\n\n\n\n<p class=\"has-medium-font-size\">&#8211; &nbsp; &nbsp; &nbsp; Seascape<\/p>\n\n\n\n<p class=\"has-medium-font-size\">&#8211; &nbsp; &nbsp; &nbsp; Nocturne<\/p>\n\n\n\n<p class=\"has-medium-font-size\">&#8211; &nbsp; &nbsp; &nbsp; As it is plenty<\/p>\n\n\n\n<p class=\"has-medium-font-size\">Trois po\u00e9sies de la lyrique japonaise (extraits), Igor Stravinsky<\/p>\n\n\n\n<p class=\"has-medium-font-size\">&#8211; &nbsp; &nbsp; &nbsp; Akahito<\/p>\n\n\n\n<p class=\"has-medium-font-size\">&#8211; &nbsp; &nbsp; &nbsp; Tsara\u00efuki &nbsp;<\/p>\n\n\n\n<p class=\"has-medium-font-size\">Deux po\u00e8mes chinois, Albert Roussel<\/p>\n\n\n\n<p class=\"has-medium-font-size\">&#8211; &nbsp; &nbsp; &nbsp; Des fleurs font une broderie&nbsp;<\/p>\n\n\n\n<p class=\"has-medium-font-size\">&#8211; &nbsp; &nbsp; &nbsp; R\u00e9ponse d\u2019une \u00e9pouse sage<\/p>\n\n\n\n<p class=\"has-medium-font-size\">Les chemins de l\u2019amour, m\u00e9lodie, Francis Poulenc<\/p>\n\n\n\n<p class=\"has-vivid-red-color has-text-color has-link-color has-medium-font-size wp-elements-ed40ceff9a39f2552cfd10b80bc7db61\"><strong>Olivia BONNAFOUX, soprano, Jordan NORMAND<\/strong>, <strong>baryton<\/strong><\/p>\n\n\n\n<p class=\"has-medium-font-size\">Duo de Papageno &#8211; Papagena, La Fl\u00fbte enchant\u00e9e, W.-A. Mozart <\/p>\n\n\n\n<p class=\"has-medium-font-size\">Duo de l&rsquo;\u00e2ne \u00ab\u00a0De-ci de-l\u00e0\u00a0\u00bb, op\u00e9rette V\u00e9ronique, Andr\u00e9 Messager <\/p>\n\n\n\n<hr class=\"wp-block-separator has-alpha-channel-opacity\"\/>\n\n\n\n<p class=\"has-black-color has-text-color has-link-color has-medium-font-size wp-elements-9ea9de3557edab6b4469dff93e6affdc\"><\/p>\n\n\n\n<p class=\"has-medium-font-size\"><strong>20 h 30<\/strong><\/p>\n\n\n\n<p class=\"has-vivid-red-color has-text-color has-link-color has-medium-font-size wp-elements-1cffb6435298392bf742f1db8d449a15\"><strong>Jean-Pierre ARMENGAUD, pianiste, Clara DELAUNAY, soprano<\/strong><\/p>\n\n\n\n<p class=\"has-medium-font-size\">\u00ab\u00a0Atelier Socrate\u00a0\u00bb, Erik Satie<\/p>\n\n\n\n<p class=\"has-medium-font-size\"><strong>21 h 30<\/strong><\/p>\n\n\n\n<p class=\"has-vivid-red-color has-text-color has-link-color has-medium-font-size wp-elements-a3f6b311225d102258f3deb597a9b6cf\"><strong>No\u00e9mie TESSIER, soprano, Zo\u00e9 SAMBOU, soprano, Julie FAURE, pianiste<\/strong><\/p>\n\n\n\n<p class=\"has-medium-font-size\">La Voix Humaine, Francis Poulenc<\/p>\n\n\n\n<hr class=\"wp-block-separator has-alpha-channel-opacity\"\/>\n\n\n\n<p><\/p>\n","protected":false},"excerpt":{"rendered":"<p>(sous r\u00e9serve de modifications) 14 h 30 Iris CO\u00cbT, soprano Les oiseaux dans la charmille, air d\u2019Olympia, Les Contes d\u2019Hoffmann, Jacques Offenbach Glitter and be gay, air de Cun\u00e9gonde, op\u00e9rette Candide, L\u00e9onard Bernstein Je t\u2019aime,\u00a0\u00bbVocalise amoureuse pour Soprano \u00e9perdue\u00a0\u00bb, Isabelle Aboulker \u00d4 Salutaris, Petite Messe solennelle, Gioachino Rossini Charlotte LANDRU-CHAND\u00c8S, mezzo-soprano Le D\u00e9sert, Georges Enesco [&hellip;]<\/p>\n","protected":false},"author":2,"featured_media":0,"parent":0,"menu_order":0,"comment_status":"closed","ping_status":"closed","template":"page-full-width.php","meta":{"footnotes":""},"class_list":["post-1486","page","type-page","status-publish","hentry"],"_links":{"self":[{"href":"https:\/\/honfleur-lyrique.fr\/index.php?rest_route=\/wp\/v2\/pages\/1486","targetHints":{"allow":["GET"]}}],"collection":[{"href":"https:\/\/honfleur-lyrique.fr\/index.php?rest_route=\/wp\/v2\/pages"}],"about":[{"href":"https:\/\/honfleur-lyrique.fr\/index.php?rest_route=\/wp\/v2\/types\/page"}],"author":[{"embeddable":true,"href":"https:\/\/honfleur-lyrique.fr\/index.php?rest_route=\/wp\/v2\/users\/2"}],"replies":[{"embeddable":true,"href":"https:\/\/honfleur-lyrique.fr\/index.php?rest_route=%2Fwp%2Fv2%2Fcomments&post=1486"}],"version-history":[{"count":12,"href":"https:\/\/honfleur-lyrique.fr\/index.php?rest_route=\/wp\/v2\/pages\/1486\/revisions"}],"predecessor-version":[{"id":1561,"href":"https:\/\/honfleur-lyrique.fr\/index.php?rest_route=\/wp\/v2\/pages\/1486\/revisions\/1561"}],"wp:attachment":[{"href":"https:\/\/honfleur-lyrique.fr\/index.php?rest_route=%2Fwp%2Fv2%2Fmedia&parent=1486"}],"curies":[{"name":"wp","href":"https:\/\/api.w.org\/{rel}","templated":true}]}}