{"id":1675,"date":"2026-04-04T14:33:40","date_gmt":"2026-04-04T14:33:40","guid":{"rendered":"https:\/\/honfleur-lyrique.fr\/?page_id=1675"},"modified":"2026-04-04T14:33:40","modified_gmt":"2026-04-04T14:33:40","slug":"concert-faure-vendredi-8-mai-18-h","status":"publish","type":"page","link":"https:\/\/honfleur-lyrique.fr\/?page_id=1675","title":{"rendered":"CONCERT FAUR\u00c9 VENDREDI 8 MAI, 18 h"},"content":{"rendered":"\n<p><\/p>\n\n\n\n<p class=\"has-text-align-center has-vivid-red-color has-text-color has-link-color has-medium-font-size wp-elements-04acec75bf9d965cbc14459efaff6350\"><em><strong>L&rsquo;ensemble vocal de Rouen sera \u00e0 Honfleur Vendredi 8 Mai <\/strong><\/em><\/p>\n\n\n\n<p class=\"has-text-align-center has-vivid-red-color has-text-color has-link-color has-medium-font-size wp-elements-c2a65763f983c78ae3018289b3be8db8\"><em><strong>pour un concert exceptionnel en l&rsquo;\u00e9glise Saint-L\u00e9onard.<\/strong><\/em><\/p>\n\n\n\n<p><\/p>\n\n\n\n<p><\/p>\n\n\n\n<figure class=\"wp-block-image size-large\"><img loading=\"lazy\" decoding=\"async\" width=\"1024\" height=\"541\" src=\"https:\/\/honfleur-lyrique.fr\/wp-content\/uploads\/2026\/04\/Ensemble-vocal-Rouen-1024x541.jpg\" alt=\"\" class=\"wp-image-1676\" srcset=\"https:\/\/honfleur-lyrique.fr\/wp-content\/uploads\/2026\/04\/Ensemble-vocal-Rouen-1024x541.jpg 1024w, https:\/\/honfleur-lyrique.fr\/wp-content\/uploads\/2026\/04\/Ensemble-vocal-Rouen-300x158.jpg 300w, https:\/\/honfleur-lyrique.fr\/wp-content\/uploads\/2026\/04\/Ensemble-vocal-Rouen-768x406.jpg 768w, https:\/\/honfleur-lyrique.fr\/wp-content\/uploads\/2026\/04\/Ensemble-vocal-Rouen-1536x811.jpg 1536w, https:\/\/honfleur-lyrique.fr\/wp-content\/uploads\/2026\/04\/Ensemble-vocal-Rouen.jpg 1789w\" sizes=\"auto, (max-width: 1024px) 100vw, 1024px\" \/><\/figure>\n\n\n\n<p><\/p>\n\n\n\n<p class=\"has-vivid-red-color has-text-color has-link-color has-medium-font-size wp-elements-ac13a9accbbc195b25796f8c728a214d\">Organiste : Axel Lebas<\/p>\n\n\n\n<p><\/p>\n\n\n\n<p><\/p>\n\n\n\n<p class=\"has-large-font-size\">PROGRAMME<\/p>\n\n\n\n<p class=\"has-large-font-size\"><strong>Le Requiem de Gabriel Faur\u00e9, <\/strong><\/p>\n\n\n\n<p class=\"has-large-font-size\"><strong>choeur et orgue <\/strong><\/p>\n\n\n\n<p class=\"has-medium-font-size\">Solistes : Tommi Rassaint, Nina Petit, Tom Duval<\/p>\n\n\n\n<p class=\"has-medium-font-size\"><\/p>\n\n\n\n<p><\/p>\n\n\n\n<p><\/p>\n\n\n\n<p class=\"has-medium-font-size\"><strong>ainsi que :<\/strong><\/p>\n\n\n\n<p class=\"has-medium-font-size\">Pr\u00e9lude pour orgue seul<\/p>\n\n\n\n<p class=\"has-medium-font-size\">Jardin nocturne (arrangement pour choeur de Fran\u00e7ois Branciard)<\/p>\n\n\n\n<p class=\"has-medium-font-size\">Apr\u00e8s un r\u00eave, soliste et orgue (soliste Emma Ramsamy)<\/p>\n\n\n\n<p class=\"has-medium-font-size\">Le plus doux chemin (arrangement pour choeur de Fran\u00e7ois Branciard)<\/p>\n\n\n\n<p class=\"has-medium-font-size\">Cantique de Jean Racine (choeur et orgue)<\/p>\n\n\n\n<p class=\"has-vivid-red-color has-text-color has-link-color has-medium-font-size wp-elements-8dbf5b5bc361449eef7435b744083342\">Tarif : 5 euros<\/p>\n\n\n\n<p class=\"has-vivid-red-color has-text-color has-link-color has-medium-font-size wp-elements-689f6103a12c900e3017b610c61b9c59\">R\u00e9servations par mail : honfleurlyrique@orange.fr<\/p>\n\n\n\n<p class=\"has-vivid-red-color has-text-color has-link-color has-medium-font-size wp-elements-33d3debe8438039751a22b60373d64f8\">par t\u00e9l\u00e9phone : 02 31 89 25 59<\/p>\n\n\n\n<p><\/p>\n\n\n\n<hr class=\"wp-block-separator has-alpha-channel-opacity\"\/>\n\n\n\n<p><\/p>\n","protected":false},"excerpt":{"rendered":"<p>L&rsquo;ensemble vocal de Rouen sera \u00e0 Honfleur Vendredi 8 Mai pour un concert exceptionnel en l&rsquo;\u00e9glise Saint-L\u00e9onard. Organiste : Axel Lebas PROGRAMME Le Requiem de Gabriel Faur\u00e9, choeur et orgue Solistes : Tommi Rassaint, Nina Petit, Tom Duval ainsi que : Pr\u00e9lude pour orgue seul Jardin nocturne (arrangement pour choeur de Fran\u00e7ois Branciard) Apr\u00e8s un [&hellip;]<\/p>\n","protected":false},"author":2,"featured_media":0,"parent":0,"menu_order":0,"comment_status":"closed","ping_status":"closed","template":"page-full-width.php","meta":{"footnotes":""},"class_list":["post-1675","page","type-page","status-publish","hentry"],"_links":{"self":[{"href":"https:\/\/honfleur-lyrique.fr\/index.php?rest_route=\/wp\/v2\/pages\/1675","targetHints":{"allow":["GET"]}}],"collection":[{"href":"https:\/\/honfleur-lyrique.fr\/index.php?rest_route=\/wp\/v2\/pages"}],"about":[{"href":"https:\/\/honfleur-lyrique.fr\/index.php?rest_route=\/wp\/v2\/types\/page"}],"author":[{"embeddable":true,"href":"https:\/\/honfleur-lyrique.fr\/index.php?rest_route=\/wp\/v2\/users\/2"}],"replies":[{"embeddable":true,"href":"https:\/\/honfleur-lyrique.fr\/index.php?rest_route=%2Fwp%2Fv2%2Fcomments&post=1675"}],"version-history":[{"count":14,"href":"https:\/\/honfleur-lyrique.fr\/index.php?rest_route=\/wp\/v2\/pages\/1675\/revisions"}],"predecessor-version":[{"id":1690,"href":"https:\/\/honfleur-lyrique.fr\/index.php?rest_route=\/wp\/v2\/pages\/1675\/revisions\/1690"}],"wp:attachment":[{"href":"https:\/\/honfleur-lyrique.fr\/index.php?rest_route=%2Fwp%2Fv2%2Fmedia&parent=1675"}],"curies":[{"name":"wp","href":"https:\/\/api.w.org\/{rel}","templated":true}]}}